{"id":102,"date":"2022-01-14T22:25:00","date_gmt":"2022-01-14T22:25:00","guid":{"rendered":"https:\/\/rollo.gruppesite.dk\/?page_id=102"},"modified":"2022-02-19T20:40:48","modified_gmt":"2022-02-19T20:40:48","slug":"familiespejder","status":"publish","type":"page","link":"https:\/\/rollo.gruppesite.dk\/?page_id=102","title":{"rendered":"Familiespejder"},"content":{"rendered":"\n<p>Du og dit barn g\u00e5r til spejder sammen. Familiespejder er for hele familien. Aktiviteterne er udfordrende og sjove for b\u00e5de b\u00f8rn og voksne, og der tages udgangspunkt i, at I kan udf\u00f8re opgaverne sammen som familie.<\/p>\n\n\n\n<p>Familiespejder handler om gode oplevelser, natur og f\u00e6llesskab. Vi m\u00f8des altid ved spejdergruppens hytte og nogle gange bliver vi der, mens vi andre gange g\u00e5r et andet sted hen for at udf\u00f8re dagens aktiviteter.\u00a0<\/p>\n\n\n\n<h5 class=\"wp-block-heading\" id=\"sammen-om-spejder\">Sammen om spejder<\/h5>\n\n\n\n<p>Hos familiespejderne hj\u00e6lpes vi ad. Der er et program frem i tiden, som vi hj\u00e6lpes ad med at gennemf\u00f8re. Det kan v\u00e6re, at en familie handler et par ting ind, og en anden familie kommer lidt f\u00f8r og laver kaffe til alle. Nogle kan bidrage med mere end andre, og det har vi komplet forst\u00e5else for.&nbsp;<\/p>\n\n\n\n<h5 class=\"wp-block-heading\" id=\"praktisk\">Praktisk<\/h5>\n\n\n\n<p>Vi m\u00f8des hver anden S\u00f8ndag kl. 10-12 i ulige uger&nbsp;<a href=\"http:\/\/rosenvaenget-spejder.dk\/kalender\/\">Tjek kalenderen<\/a>!<\/p>\n","protected":false},"excerpt":{"rendered":"<p>Du og dit barn g\u00e5r til spejder sammen. Familiespejder er for hele familien. Aktiviteterne er udfordrende og sjove for b\u00e5de b\u00f8rn og voksne, og der tages udgangspunkt i, at I kan udf\u00f8re opgaverne sammen som familie. Familiespejder handler om gode &hellip; <a href=\"https:\/\/rollo.gruppesite.dk\/?page_id=102\">L\u00e6s resten <span class=\"meta-nav\">&rarr;<\/span><\/a><\/p>\n","protected":false},"author":633,"featured_media":0,"parent":87,"menu_order":0,"comment_status":"closed","ping_status":"closed","template":"","meta":{"ngg_post_thumbnail":0,"footnotes":""},"class_list":["post-102","page","type-page","status-publish","hentry"],"_links":{"self":[{"href":"https:\/\/rollo.gruppesite.dk\/index.php?rest_route=\/wp\/v2\/pages\/102","targetHints":{"allow":["GET"]}}],"collection":[{"href":"https:\/\/rollo.gruppesite.dk\/index.php?rest_route=\/wp\/v2\/pages"}],"about":[{"href":"https:\/\/rollo.gruppesite.dk\/index.php?rest_route=\/wp\/v2\/types\/page"}],"author":[{"embeddable":true,"href":"https:\/\/rollo.gruppesite.dk\/index.php?rest_route=\/wp\/v2\/users\/633"}],"replies":[{"embeddable":true,"href":"https:\/\/rollo.gruppesite.dk\/index.php?rest_route=%2Fwp%2Fv2%2Fcomments&post=102"}],"version-history":[{"count":4,"href":"https:\/\/rollo.gruppesite.dk\/index.php?rest_route=\/wp\/v2\/pages\/102\/revisions"}],"predecessor-version":[{"id":214,"href":"https:\/\/rollo.gruppesite.dk\/index.php?rest_route=\/wp\/v2\/pages\/102\/revisions\/214"}],"up":[{"embeddable":true,"href":"https:\/\/rollo.gruppesite.dk\/index.php?rest_route=\/wp\/v2\/pages\/87"}],"wp:attachment":[{"href":"https:\/\/rollo.gruppesite.dk\/index.php?rest_route=%2Fwp%2Fv2%2Fmedia&parent=102"}],"curies":[{"name":"wp","href":"https:\/\/api.w.org\/{rel}","templated":true}]}}