{"id":107,"date":"2022-01-14T22:33:15","date_gmt":"2022-01-14T22:33:15","guid":{"rendered":"https:\/\/rollo.gruppesite.dk\/?page_id=107"},"modified":"2022-02-19T20:45:10","modified_gmt":"2022-02-19T20:45:10","slug":"juniortrop","status":"publish","type":"page","link":"https:\/\/rollo.gruppesite.dk\/?page_id=107","title":{"rendered":"Junior"},"content":{"rendered":"\n<p>Juniortroppen best\u00e5r af spejdere fra 4. og 5. klasse. Her er fokus p\u00e5 lejrliv, f\u00e6rdigheder og patruljearbejde. Der arbejdes med det fremadskridende program, hvor spejderne hele tiden bygger videre p\u00e5 den viden og erfaring, de allerede har tilegnet sig. Og der arbejdes i overensstemmelse med spejdermetoden med konceptet \u2018b\u00f8rn leder b\u00f8rn\u2019. Det betyder, at patruljen skal l\u00f8se opgaver p\u00e5 egen h\u00e5nd, og at patruljeleder og patruljeassistent tr\u00e6nes i at lede patruljen.\u00a0<\/p>\n\n\n\n<h5 class=\"wp-block-heading\" id=\"praktisk\"><strong>Praktisk<\/strong><\/h5>\n\n\n\n<p>Juniortroppen m\u00f8des hver l\u00f8rdag i ulige uger sammen med ulveflokken og trop spejderne.<\/p>\n","protected":false},"excerpt":{"rendered":"<p>Juniortroppen best\u00e5r af spejdere fra 4. og 5. klasse. Her er fokus p\u00e5 lejrliv, f\u00e6rdigheder og patruljearbejde. Der arbejdes med det fremadskridende program, hvor spejderne hele tiden bygger videre p\u00e5 den viden og erfaring, de allerede har tilegnet sig. Og &hellip; <a href=\"https:\/\/rollo.gruppesite.dk\/?page_id=107\">L\u00e6s resten <span class=\"meta-nav\">&rarr;<\/span><\/a><\/p>\n","protected":false},"author":633,"featured_media":0,"parent":87,"menu_order":0,"comment_status":"closed","ping_status":"closed","template":"","meta":{"ngg_post_thumbnail":0,"footnotes":""},"class_list":["post-107","page","type-page","status-publish","hentry"],"_links":{"self":[{"href":"https:\/\/rollo.gruppesite.dk\/index.php?rest_route=\/wp\/v2\/pages\/107","targetHints":{"allow":["GET"]}}],"collection":[{"href":"https:\/\/rollo.gruppesite.dk\/index.php?rest_route=\/wp\/v2\/pages"}],"about":[{"href":"https:\/\/rollo.gruppesite.dk\/index.php?rest_route=\/wp\/v2\/types\/page"}],"author":[{"embeddable":true,"href":"https:\/\/rollo.gruppesite.dk\/index.php?rest_route=\/wp\/v2\/users\/633"}],"replies":[{"embeddable":true,"href":"https:\/\/rollo.gruppesite.dk\/index.php?rest_route=%2Fwp%2Fv2%2Fcomments&post=107"}],"version-history":[{"count":4,"href":"https:\/\/rollo.gruppesite.dk\/index.php?rest_route=\/wp\/v2\/pages\/107\/revisions"}],"predecessor-version":[{"id":219,"href":"https:\/\/rollo.gruppesite.dk\/index.php?rest_route=\/wp\/v2\/pages\/107\/revisions\/219"}],"up":[{"embeddable":true,"href":"https:\/\/rollo.gruppesite.dk\/index.php?rest_route=\/wp\/v2\/pages\/87"}],"wp:attachment":[{"href":"https:\/\/rollo.gruppesite.dk\/index.php?rest_route=%2Fwp%2Fv2%2Fmedia&parent=107"}],"curies":[{"name":"wp","href":"https:\/\/api.w.org\/{rel}","templated":true}]}}