{"id":110,"date":"2022-01-14T22:36:26","date_gmt":"2022-01-14T22:36:26","guid":{"rendered":"https:\/\/rollo.gruppesite.dk\/?page_id=110"},"modified":"2022-01-14T22:43:44","modified_gmt":"2022-01-14T22:43:44","slug":"baevere","status":"publish","type":"page","link":"https:\/\/rollo.gruppesite.dk\/?page_id=110","title":{"rendered":"B\u00e6vere"},"content":{"rendered":"\n<p>Vi m\u00f8des hver anden s\u00f8ndag i ulige uger fra 10.00 \u2013 13.00<br>Hvis du mod forventning ikke kan deltage i et m\u00f8de, bedes du give besked til en leder af hensyn til planl\u00e6gning.<\/p>\n\n\n\n<p><a href=\"https:\/\/issuu.com\/kfum-spejderne\/docs\/150165_b__ver_12_sider_k3\">L\u00e6s om B\u00e6vere her.<\/a><\/p>\n","protected":false},"excerpt":{"rendered":"<p>Vi m\u00f8des hver anden s\u00f8ndag i ulige uger fra 10.00 \u2013 13.00Hvis du mod forventning ikke kan deltage i et m\u00f8de, bedes du give besked til en leder af hensyn til planl\u00e6gning. L\u00e6s om B\u00e6vere her.<\/p>\n","protected":false},"author":633,"featured_media":0,"parent":87,"menu_order":0,"comment_status":"closed","ping_status":"closed","template":"","meta":{"ngg_post_thumbnail":0,"footnotes":""},"class_list":["post-110","page","type-page","status-publish","hentry"],"_links":{"self":[{"href":"https:\/\/rollo.gruppesite.dk\/index.php?rest_route=\/wp\/v2\/pages\/110","targetHints":{"allow":["GET"]}}],"collection":[{"href":"https:\/\/rollo.gruppesite.dk\/index.php?rest_route=\/wp\/v2\/pages"}],"about":[{"href":"https:\/\/rollo.gruppesite.dk\/index.php?rest_route=\/wp\/v2\/types\/page"}],"author":[{"embeddable":true,"href":"https:\/\/rollo.gruppesite.dk\/index.php?rest_route=\/wp\/v2\/users\/633"}],"replies":[{"embeddable":true,"href":"https:\/\/rollo.gruppesite.dk\/index.php?rest_route=%2Fwp%2Fv2%2Fcomments&post=110"}],"version-history":[{"count":3,"href":"https:\/\/rollo.gruppesite.dk\/index.php?rest_route=\/wp\/v2\/pages\/110\/revisions"}],"predecessor-version":[{"id":209,"href":"https:\/\/rollo.gruppesite.dk\/index.php?rest_route=\/wp\/v2\/pages\/110\/revisions\/209"}],"up":[{"embeddable":true,"href":"https:\/\/rollo.gruppesite.dk\/index.php?rest_route=\/wp\/v2\/pages\/87"}],"wp:attachment":[{"href":"https:\/\/rollo.gruppesite.dk\/index.php?rest_route=%2Fwp%2Fv2%2Fmedia&parent=110"}],"curies":[{"name":"wp","href":"https:\/\/api.w.org\/{rel}","templated":true}]}}