{"id":157,"date":"2022-01-15T01:21:08","date_gmt":"2022-01-15T01:21:08","guid":{"rendered":"https:\/\/rollo.gruppesite.dk\/?page_id=157"},"modified":"2022-02-19T20:27:08","modified_gmt":"2022-02-19T20:27:08","slug":"bliv-frivillig","status":"publish","type":"page","link":"https:\/\/rollo.gruppesite.dk\/?page_id=157","title":{"rendered":"Bliv frivillig"},"content":{"rendered":"\n<p><em>Er du voksen? Kan du lide at v\u00e6re ude? Vi s\u00f8ger altid nye ledere, som kan hj\u00e6lpe til i vores spejdergruppe.<\/em><\/p>\n\n\n\n<p>Der er mulighed for at v\u00e6re leder hos ulve, juniorer eller&nbsp;familiespejdere.&nbsp;Ulvene og juniorerne m\u00f8des L\u00f8rdag i ulige uger kl. 10-14 og vi forventer, at du deltager 2-3 gange hver m\u00e5ned. Familiespejderne m\u00f8des hver anden S\u00f8ndag i ulige uger kl. 10-12.<\/p>\n\n\n\n<p>Du kan forvente:<\/p>\n\n\n\n<ul class=\"wp-block-list\"><li>At give b\u00f8rn mulighed for gode oplevelser og nye venskaber<\/li><li>At v\u00e6re del af et meningsfyldt voksenf\u00e6llesskab med andre frivillige<\/li><li>At kunne give af dit overskud og ikke af dit underskud<\/li><\/ul>\n\n\n\n<p>Der er ikke krav til dine erfaringer. Vi er en sk\u00f8n blanding af nye spejdere, gamle spejdere og slet-ikke-spejdere.&nbsp;<\/p>\n\n\n\n<p>Vil du h\u00f8re mere, s\u00e5 kontakt Birgitte \u2013 p\u00e5 vores Facebook side <a href=\"https:\/\/www.facebook.com\/rollogruppe\/?ref=page_internal\" data-type=\"URL\" data-id=\"https:\/\/www.facebook.com\/rollogruppe\/?ref=page_internal\">https:\/\/www.facebook.com\/rollogruppe\/?ref=page_internal<\/a><\/p>\n","protected":false},"excerpt":{"rendered":"<p>Er du voksen? Kan du lide at v\u00e6re ude? Vi s\u00f8ger altid nye ledere, som kan hj\u00e6lpe til i vores spejdergruppe. Der er mulighed for at v\u00e6re leder hos ulve, juniorer eller&nbsp;familiespejdere.&nbsp;Ulvene og juniorerne m\u00f8des L\u00f8rdag i ulige uger kl. &hellip; <a href=\"https:\/\/rollo.gruppesite.dk\/?page_id=157\">L\u00e6s resten <span class=\"meta-nav\">&rarr;<\/span><\/a><\/p>\n","protected":false},"author":633,"featured_media":0,"parent":49,"menu_order":0,"comment_status":"closed","ping_status":"closed","template":"","meta":{"ngg_post_thumbnail":0,"footnotes":""},"class_list":["post-157","page","type-page","status-publish","hentry"],"_links":{"self":[{"href":"https:\/\/rollo.gruppesite.dk\/index.php?rest_route=\/wp\/v2\/pages\/157","targetHints":{"allow":["GET"]}}],"collection":[{"href":"https:\/\/rollo.gruppesite.dk\/index.php?rest_route=\/wp\/v2\/pages"}],"about":[{"href":"https:\/\/rollo.gruppesite.dk\/index.php?rest_route=\/wp\/v2\/types\/page"}],"author":[{"embeddable":true,"href":"https:\/\/rollo.gruppesite.dk\/index.php?rest_route=\/wp\/v2\/users\/633"}],"replies":[{"embeddable":true,"href":"https:\/\/rollo.gruppesite.dk\/index.php?rest_route=%2Fwp%2Fv2%2Fcomments&post=157"}],"version-history":[{"count":3,"href":"https:\/\/rollo.gruppesite.dk\/index.php?rest_route=\/wp\/v2\/pages\/157\/revisions"}],"predecessor-version":[{"id":206,"href":"https:\/\/rollo.gruppesite.dk\/index.php?rest_route=\/wp\/v2\/pages\/157\/revisions\/206"}],"up":[{"embeddable":true,"href":"https:\/\/rollo.gruppesite.dk\/index.php?rest_route=\/wp\/v2\/pages\/49"}],"wp:attachment":[{"href":"https:\/\/rollo.gruppesite.dk\/index.php?rest_route=%2Fwp%2Fv2%2Fmedia&parent=157"}],"curies":[{"name":"wp","href":"https:\/\/api.w.org\/{rel}","templated":true}]}}