{"id":164,"date":"2022-01-15T01:57:38","date_gmt":"2022-01-15T01:57:38","guid":{"rendered":"https:\/\/rollo.gruppesite.dk\/?page_id=164"},"modified":"2022-01-15T17:31:11","modified_gmt":"2022-01-15T17:31:11","slug":"uniform-og-toerklaede","status":"publish","type":"page","link":"https:\/\/rollo.gruppesite.dk\/?page_id=164","title":{"rendered":"Uniform og t\u00f8rkl\u00e6de"},"content":{"rendered":"\n<p><\/p>\n\n\n\n<h2 class=\"wp-block-heading\" id=\"h.p_ZE8ZxtGwtgZQ\"><strong>Hvilken p\u00e5kl\u00e6dning skal man have p\u00e5 til spejderm\u00f8det?<\/strong><\/h2>\n\n\n\n<p>Man skal altid have spejderuniform og t\u00f8rkl\u00e6de p\u00e5 n\u00e5r man kommer til spejder, medmindre andet er specificeret, da det fort\u00e6ller, at man er en del af gruppen og KFUM-spejderne.&nbsp;Gruppen har et par f\u00e5 ekstra t\u00f8rkl\u00e6der, som kan l\u00e5nes, hvis man ikke har f\u00e5et k\u00f8bt et endnu.<\/p>\n\n\n\n<p>Hvis vi skal lave aktiviteter der involverer at man bliver beskidt, kan man med fordel medbringe t\u00f8j der gerne m\u00e5 blive snavset.<\/p>\n\n\n\n<p>Derudover skal man altid v\u00e6re kl\u00e6dt p\u00e5 til at kunne v\u00e6re udenfor. Da vi er spejdere generer vejret os ikke, og vi er derfor klar p\u00e5 at v\u00e6re udenfor uanset om det er solskin, regnvejr, snevejr e.l.<\/p>\n\n\n\n<p><\/p>\n\n\n\n<p>\u00d8nsker man at k\u00f8be en uniform, et t\u00f8rkl\u00e6de eller andre spejdergadgets,&nbsp;findes de&nbsp;p\u00e5 webshoppen&nbsp;<a href=\"http:\/\/www.55nord.dk\/\">55\u00b0 Nord<\/a>.&nbsp;Det er muligt at pr\u00f8ve uniformer inden bestilling, og det g\u00f8r du p\u00e5 KFUM-Spejdernes Administrationscenter, Wagnersvej 33, 2450 K\u00f8benhavn SV. Der er \u00e5bent mandag-torsdag kl. 9-16 og fredag kl. 9-15.<\/p>\n\n\n\n<h5 class=\"wp-block-heading\">Uniformsvejledning<\/h5>\n\n\n\n<figure class=\"wp-block-image size-full is-resized\"><img loading=\"lazy\" decoding=\"async\" src=\"https:\/\/rollo.gruppesite.dk\/wp-content\/uploads\/sites\/247\/2022\/01\/uniform_farver.png\" alt=\"\" class=\"wp-image-166\" width=\"600\" height=\"600\" \/><\/figure>\n","protected":false},"excerpt":{"rendered":"<p>Hvilken p\u00e5kl\u00e6dning skal man have p\u00e5 til spejderm\u00f8det? Man skal altid have spejderuniform og t\u00f8rkl\u00e6de p\u00e5 n\u00e5r man kommer til spejder, medmindre andet er specificeret, da det fort\u00e6ller, at man er en del af gruppen og KFUM-spejderne.&nbsp;Gruppen har et par &hellip; <a href=\"https:\/\/rollo.gruppesite.dk\/?page_id=164\">L\u00e6s resten <span class=\"meta-nav\">&rarr;<\/span><\/a><\/p>\n","protected":false},"author":633,"featured_media":0,"parent":51,"menu_order":1,"comment_status":"closed","ping_status":"closed","template":"","meta":{"ngg_post_thumbnail":0,"footnotes":""},"class_list":["post-164","page","type-page","status-publish","hentry"],"_links":{"self":[{"href":"https:\/\/rollo.gruppesite.dk\/index.php?rest_route=\/wp\/v2\/pages\/164","targetHints":{"allow":["GET"]}}],"collection":[{"href":"https:\/\/rollo.gruppesite.dk\/index.php?rest_route=\/wp\/v2\/pages"}],"about":[{"href":"https:\/\/rollo.gruppesite.dk\/index.php?rest_route=\/wp\/v2\/types\/page"}],"author":[{"embeddable":true,"href":"https:\/\/rollo.gruppesite.dk\/index.php?rest_route=\/wp\/v2\/users\/633"}],"replies":[{"embeddable":true,"href":"https:\/\/rollo.gruppesite.dk\/index.php?rest_route=%2Fwp%2Fv2%2Fcomments&post=164"}],"version-history":[{"count":3,"href":"https:\/\/rollo.gruppesite.dk\/index.php?rest_route=\/wp\/v2\/pages\/164\/revisions"}],"predecessor-version":[{"id":196,"href":"https:\/\/rollo.gruppesite.dk\/index.php?rest_route=\/wp\/v2\/pages\/164\/revisions\/196"}],"up":[{"embeddable":true,"href":"https:\/\/rollo.gruppesite.dk\/index.php?rest_route=\/wp\/v2\/pages\/51"}],"wp:attachment":[{"href":"https:\/\/rollo.gruppesite.dk\/index.php?rest_route=%2Fwp%2Fv2%2Fmedia&parent=164"}],"curies":[{"name":"wp","href":"https:\/\/api.w.org\/{rel}","templated":true}]}}