{"id":169,"date":"2022-01-15T02:06:42","date_gmt":"2022-01-15T02:06:42","guid":{"rendered":"https:\/\/rollo.gruppesite.dk\/?page_id=169"},"modified":"2022-02-19T20:56:54","modified_gmt":"2022-02-19T20:56:54","slug":"foraeldrehjaelpere","status":"publish","type":"page","link":"https:\/\/rollo.gruppesite.dk\/?page_id=169","title":{"rendered":"For\u00e6ldrehj\u00e6lpere"},"content":{"rendered":"\n<p>I spejdergruppen hj\u00e6lpes vi ad. Det betyder, at vi j\u00e6vnligt sp\u00f8rger for\u00e6ldre om hj\u00e6lp til at assistere p\u00e5 en tur eller v\u00e6re backup en dag til spejder, hvis kun f\u00e5 ledere kan komme.<\/p>\n\n\n\n<p>Alle spejderlederne er frivillige, og de skal ligesom b\u00f8rnene have det sjovt, n\u00e5r de er til spejder. Og nogle gange er det ekstra h\u00e6nder, der skal til, for at det bliver en hyggelig dag for alle.<\/p>\n","protected":false},"excerpt":{"rendered":"<p>I spejdergruppen hj\u00e6lpes vi ad. Det betyder, at vi j\u00e6vnligt sp\u00f8rger for\u00e6ldre om hj\u00e6lp til at assistere p\u00e5 en tur eller v\u00e6re backup en dag til spejder, hvis kun f\u00e5 ledere kan komme. Alle spejderlederne er frivillige, og de skal &hellip; <a href=\"https:\/\/rollo.gruppesite.dk\/?page_id=169\">L\u00e6s resten <span class=\"meta-nav\">&rarr;<\/span><\/a><\/p>\n","protected":false},"author":633,"featured_media":0,"parent":51,"menu_order":0,"comment_status":"closed","ping_status":"closed","template":"","meta":{"ngg_post_thumbnail":0,"footnotes":""},"class_list":["post-169","page","type-page","status-publish","hentry"],"_links":{"self":[{"href":"https:\/\/rollo.gruppesite.dk\/index.php?rest_route=\/wp\/v2\/pages\/169","targetHints":{"allow":["GET"]}}],"collection":[{"href":"https:\/\/rollo.gruppesite.dk\/index.php?rest_route=\/wp\/v2\/pages"}],"about":[{"href":"https:\/\/rollo.gruppesite.dk\/index.php?rest_route=\/wp\/v2\/types\/page"}],"author":[{"embeddable":true,"href":"https:\/\/rollo.gruppesite.dk\/index.php?rest_route=\/wp\/v2\/users\/633"}],"replies":[{"embeddable":true,"href":"https:\/\/rollo.gruppesite.dk\/index.php?rest_route=%2Fwp%2Fv2%2Fcomments&post=169"}],"version-history":[{"count":2,"href":"https:\/\/rollo.gruppesite.dk\/index.php?rest_route=\/wp\/v2\/pages\/169\/revisions"}],"predecessor-version":[{"id":226,"href":"https:\/\/rollo.gruppesite.dk\/index.php?rest_route=\/wp\/v2\/pages\/169\/revisions\/226"}],"up":[{"embeddable":true,"href":"https:\/\/rollo.gruppesite.dk\/index.php?rest_route=\/wp\/v2\/pages\/51"}],"wp:attachment":[{"href":"https:\/\/rollo.gruppesite.dk\/index.php?rest_route=%2Fwp%2Fv2%2Fmedia&parent=169"}],"curies":[{"name":"wp","href":"https:\/\/api.w.org\/{rel}","templated":true}]}}