{"id":174,"date":"2022-01-15T02:14:44","date_gmt":"2022-01-15T02:14:44","guid":{"rendered":"https:\/\/rollo.gruppesite.dk\/?page_id=174"},"modified":"2022-02-19T20:55:50","modified_gmt":"2022-02-19T20:55:50","slug":"maa-man-have-kniv-med-til-spejder","status":"publish","type":"page","link":"https:\/\/rollo.gruppesite.dk\/?page_id=174","title":{"rendered":"M\u00e5 man have kniv med til spejder?"},"content":{"rendered":"\n<p id=\"h.p_o_5AyCDr0XwT\">Hvis spejderen har taget et knivbevis hos os og har f\u00e5et m\u00e6rket, m\u00e5 spejderen gerne medbringe en kniv\/dolk til spejder. Men man m\u00e5 kun g\u00e5 med den s\u00e5 l\u00e6nge man har uniform med m\u00e6rke p\u00e5 samtidig.<\/p>\n\n\n\n<figure class=\"wp-block-image size-full\"><img loading=\"lazy\" decoding=\"async\" width=\"549\" height=\"247\" src=\"https:\/\/rollo.gruppesite.dk\/wp-content\/uploads\/sites\/247\/2022\/01\/vangedal-slirekniv-nr1.jpg\" alt=\"\" class=\"wp-image-177\" srcset=\"https:\/\/rollo.gruppesite.dk\/wp-content\/uploads\/sites\/247\/2022\/01\/vangedal-slirekniv-nr1.jpg 549w, https:\/\/rollo.gruppesite.dk\/wp-content\/uploads\/sites\/247\/2022\/01\/vangedal-slirekniv-nr1-300x135.jpg 300w, https:\/\/rollo.gruppesite.dk\/wp-content\/uploads\/sites\/247\/2022\/01\/vangedal-slirekniv-nr1-500x225.jpg 500w\" sizes=\"auto, (max-width: 549px) 100vw, 549px\" \/><\/figure>\n\n\n\n<p><\/p>\n","protected":false},"excerpt":{"rendered":"<p>Hvis spejderen har taget et knivbevis hos os og har f\u00e5et m\u00e6rket, m\u00e5 spejderen gerne medbringe en kniv\/dolk til spejder. Men man m\u00e5 kun g\u00e5 med den s\u00e5 l\u00e6nge man har uniform med m\u00e6rke p\u00e5 samtidig.<\/p>\n","protected":false},"author":633,"featured_media":0,"parent":51,"menu_order":2,"comment_status":"closed","ping_status":"closed","template":"","meta":{"ngg_post_thumbnail":0,"footnotes":""},"class_list":["post-174","page","type-page","status-publish","hentry"],"_links":{"self":[{"href":"https:\/\/rollo.gruppesite.dk\/index.php?rest_route=\/wp\/v2\/pages\/174","targetHints":{"allow":["GET"]}}],"collection":[{"href":"https:\/\/rollo.gruppesite.dk\/index.php?rest_route=\/wp\/v2\/pages"}],"about":[{"href":"https:\/\/rollo.gruppesite.dk\/index.php?rest_route=\/wp\/v2\/types\/page"}],"author":[{"embeddable":true,"href":"https:\/\/rollo.gruppesite.dk\/index.php?rest_route=\/wp\/v2\/users\/633"}],"replies":[{"embeddable":true,"href":"https:\/\/rollo.gruppesite.dk\/index.php?rest_route=%2Fwp%2Fv2%2Fcomments&post=174"}],"version-history":[{"count":4,"href":"https:\/\/rollo.gruppesite.dk\/index.php?rest_route=\/wp\/v2\/pages\/174\/revisions"}],"predecessor-version":[{"id":225,"href":"https:\/\/rollo.gruppesite.dk\/index.php?rest_route=\/wp\/v2\/pages\/174\/revisions\/225"}],"up":[{"embeddable":true,"href":"https:\/\/rollo.gruppesite.dk\/index.php?rest_route=\/wp\/v2\/pages\/51"}],"wp:attachment":[{"href":"https:\/\/rollo.gruppesite.dk\/index.php?rest_route=%2Fwp%2Fv2%2Fmedia&parent=174"}],"curies":[{"name":"wp","href":"https:\/\/api.w.org\/{rel}","templated":true}]}}