{"id":181,"date":"2022-01-15T02:24:40","date_gmt":"2022-01-15T02:24:40","guid":{"rendered":"https:\/\/rollo.gruppesite.dk\/?page_id=181"},"modified":"2022-02-19T21:04:00","modified_gmt":"2022-02-19T21:04:00","slug":"hvad-er-spejder","status":"publish","type":"page","link":"https:\/\/rollo.gruppesite.dk\/?page_id=181","title":{"rendered":"Hvad vil det sige at v\u00e6re spejder"},"content":{"rendered":"\n<p>Hos spejderne l\u00e6rer unge mennesker at klare sig selv. De bliver udviklet indenfor mange omr\u00e5der, s\u00e5som selvst\u00e6ndighed, gruppearbejde, kreativ og innovativ tankegang m.m. og finder et hjem &#8220;udenfor&#8221; hjemmet.<\/p>\n\n\n\n<p>Vi opn\u00e5r at spejderne l\u00e6rer og udvikles gennem forskellige spejderlige og v\u00e6rdifulde aktiviteter.<\/p>\n\n\n\n<p>Disse aktiviteter er f.eks. hvordan man t\u00e6nder b\u00e5l, pionering, natl\u00f8b, overlevelse og f\u00e6rdsel i naturen og mange andre ting.<\/p>\n\n\n\n<h2 class=\"wp-block-heading\" id=\"h.pn6lhljkujds\"><a href=\"https:\/\/www.kfum3060.dk\/praktisk-info\/hvad-er-spejder#h.pn6lhljkujds\"><\/a><strong>KFUM-spejderne<\/strong><\/h2>\n\n\n\n<p class=\"has-text-align-left\">KFUM-spejderne er et af Danmarks spejderkorps og en del af den internationale verdensspejderbev\u00e6gelse&nbsp;<a rel=\"noreferrer noopener\" href=\"https:\/\/www.google.com\/url?q=https%3A%2F%2Fwww.scout.org%2F&amp;sa=D&amp;sntz=1&amp;usg=AFQjCNGmerQU3u9jXyJaY4k-RlnpeXas6A\" target=\"_blank\">WOSM<\/a>&nbsp;(World Organization of the Scout Movement) som blev grundlagt i 1907 af Lord Baden-Powell. <\/p>\n\n\n\n<div class=\"wp-block-image\"><figure class=\"aligncenter size-full\"><img loading=\"lazy\" decoding=\"async\" width=\"366\" height=\"501\" src=\"https:\/\/rollo.gruppesite.dk\/wp-content\/uploads\/sites\/247\/2022\/01\/https_upload.wikimedia.orgwikipediacommonsaafArtist_Impressions_on_Lord_Baden_Powell_2C_founder_of_Scouts_Movement-1.jpg\" alt=\"\" class=\"wp-image-183\" srcset=\"https:\/\/rollo.gruppesite.dk\/wp-content\/uploads\/sites\/247\/2022\/01\/https_upload.wikimedia.orgwikipediacommonsaafArtist_Impressions_on_Lord_Baden_Powell_2C_founder_of_Scouts_Movement-1.jpg 366w, https:\/\/rollo.gruppesite.dk\/wp-content\/uploads\/sites\/247\/2022\/01\/https_upload.wikimedia.orgwikipediacommonsaafArtist_Impressions_on_Lord_Baden_Powell_2C_founder_of_Scouts_Movement-1-219x300.jpg 219w\" sizes=\"auto, (max-width: 366px) 100vw, 366px\" \/><\/figure><\/div>\n\n\n\n<div class=\"wp-block-columns is-layout-flex wp-container-core-columns-is-layout-9d6595d7 wp-block-columns-is-layout-flex\">\n<div class=\"wp-block-column is-layout-flow wp-block-column-is-layout-flow\" style=\"flex-basis:100%\">\n<p class=\"has-text-align-left\"><strong>KFUM st\u00e5r for Kristelig Forening for Unge <\/strong><\/p>\n\n\n\n<p class=\"has-text-align-left\">Mennesker. Dette betyder dog p\u00e5 ingen m\u00e5de at man skal v\u00e6re kristen for at v\u00e6re spejder hos os; alle er velkomne uanset tro, politisk overbevisning, race e.l. Hos KFUM-spejderne bruger vi kristendommen som middel til at fortolke emner som n\u00e6stek\u00e6rlighed, medmenneskelighed og respekt for andre; noget som vi mener er essentielt i det at v\u00e6re menneske. Man kan m\u00f8de kristendommen og dets budskaber, men det er helt op til den individuelle om man vil tage imod det. Vi g\u00e5r, som resten af WOSM, ind for fred, retf\u00e6rdighed og beskyttelse af naturen. Vi arbejder derfor meget med milj\u00f8et og er meget i naturen i vores spejderarbejde.<\/p>\n<\/div>\n<\/div>\n\n\n\n<h3 class=\"wp-block-heading\" id=\"h.l94odz7fpm4m\"><a href=\"https:\/\/www.kfum3060.dk\/praktisk-info\/hvad-er-spejder#h.l94odz7fpm4m\"><\/a><strong>Sammen rykker vi verden &#8211; med vilje<\/strong><\/h3>\n\n\n\n<p>Udtrykket &#8220;Sammen rykker vi verden &#8211; med vilje&#8221; er KFUM-spejdernes vision. F\u00f8lgende er fra KFUM-spejdernes egen&nbsp;<a href=\"https:\/\/www.google.com\/url?q=https%3A%2F%2Fspejdernet.dk%2F&amp;sa=D&amp;sntz=1&amp;usg=AFQjCNGuvSXE7HrVv_07iLSmWnETvRvAdw\" target=\"_blank\" rel=\"noreferrer noopener\">hjemmeside<\/a>:<\/p>\n\n\n\n<p>&#8220;<em>KFUM-Spejderne giver b\u00f8rn og unge mod til sammen at tage ansvar for en bedre verden.<\/em><\/p>\n\n\n\n<p><em>Det g\u00f8r vi ved at udvikle v\u00e6rdifulde kompetencer og skabe meningsfulde f\u00e6llesskaber med liv og begejstring, som er attraktive for flere b\u00f8rn og unge.<\/em><\/p>\n\n\n\n<p><em>Det betyder, at den enkelte spejder f\u00f8ler sig stolt over og anerkendt for at g\u00f8re en forskel.<\/em>&#8220;<\/p>\n\n\n\n<h3 class=\"wp-block-heading\" id=\"h.b5qlgn4l3yn7\"><a href=\"https:\/\/www.kfum3060.dk\/praktisk-info\/hvad-er-spejder#h.b5qlgn4l3yn7\"><\/a><strong>Learning by doing<\/strong><\/h3>\n\n\n\n<p>Hos KFUM-spejderne g\u00e5r vi ind for begrebet &#8220;<em>Learning by doing<\/em>&#8220;, p\u00e5 dansk &#8220;l\u00e6re ved at g\u00f8re&#8221;. Det betyder at vi g\u00e5r ind for at en stor del af ens indl\u00e6ring fungerer bedst gennem praktisk arbejde. Vi arbejder s\u00e5ledes anderledes end i f.eks. folkeskoler og gymnasier, da vi har langt mere &#8220;hands on&#8221; arbejde. Man kan l\u00e6re nok s\u00e5 meget om at bygge et spisebord af rafter med korrekte besn\u00f8ringer ved at h\u00f8re et opl\u00e6g om det, men man l\u00e6rer aldrig rigtigt at g\u00f8re det, hvis man ikke selv g\u00e5r ud og pr\u00f8ver det af i virkeligheden. Derudover husker man ogs\u00e5 langt bedre det l\u00e6rte gennem praktisk ind\u00f8velse. &#8220;<em>Learning by doing<\/em>&#8221; g\u00f8r det ogs\u00e5 sjovt og sp\u00e6ndende at l\u00e6re nye ting, hvilket g\u00f8r, at vi kan planl\u00e6gge sjove og meningsfulde aktiviteter til vores spejdere. Derfor er vores spejderm\u00f8der b\u00e5de sjov og ballade, men ogs\u00e5 l\u00e6ring.<\/p>\n\n\n\n<h3 class=\"wp-block-heading\" id=\"h.8l62dzbe7x9l\"><a href=\"https:\/\/www.kfum3060.dk\/praktisk-info\/hvad-er-spejder#h.8l62dzbe7x9l\"><\/a><strong>Spejderbev\u00e6gelsen<\/strong><\/h3>\n\n\n\n<p>Spejderbev\u00e6gelsen er en frivillig, ikke-part-politisk bev\u00e6gelse, som er \u00e5ben for alle uden hensyn til deres oprindelse, race eller tro.<\/p>\n\n\n\n<p>Spejderarbejde handler om at l\u00e6re b\u00f8rn at f\u00f8le ansvar for sig selv, hinanden og naturen. Gennem spejderarbejdet vil vi gerne l\u00e6re b\u00f8rnene at danne deres egen mening i et demokratisk samfund. Vi vil gerne l\u00e6re dem respekt for andre kulturer og for hinanden.<\/p>\n","protected":false},"excerpt":{"rendered":"<p>Hos spejderne l\u00e6rer unge mennesker at klare sig selv. De bliver udviklet indenfor mange omr\u00e5der, s\u00e5som selvst\u00e6ndighed, gruppearbejde, kreativ og innovativ tankegang m.m. og finder et hjem &#8220;udenfor&#8221; hjemmet. Vi opn\u00e5r at spejderne l\u00e6rer og udvikles gennem forskellige spejderlige og &hellip; <a href=\"https:\/\/rollo.gruppesite.dk\/?page_id=181\">L\u00e6s resten <span class=\"meta-nav\">&rarr;<\/span><\/a><\/p>\n","protected":false},"author":633,"featured_media":0,"parent":49,"menu_order":0,"comment_status":"closed","ping_status":"closed","template":"","meta":{"ngg_post_thumbnail":0,"footnotes":""},"class_list":["post-181","page","type-page","status-publish","hentry"],"_links":{"self":[{"href":"https:\/\/rollo.gruppesite.dk\/index.php?rest_route=\/wp\/v2\/pages\/181","targetHints":{"allow":["GET"]}}],"collection":[{"href":"https:\/\/rollo.gruppesite.dk\/index.php?rest_route=\/wp\/v2\/pages"}],"about":[{"href":"https:\/\/rollo.gruppesite.dk\/index.php?rest_route=\/wp\/v2\/types\/page"}],"author":[{"embeddable":true,"href":"https:\/\/rollo.gruppesite.dk\/index.php?rest_route=\/wp\/v2\/users\/633"}],"replies":[{"embeddable":true,"href":"https:\/\/rollo.gruppesite.dk\/index.php?rest_route=%2Fwp%2Fv2%2Fcomments&post=181"}],"version-history":[{"count":4,"href":"https:\/\/rollo.gruppesite.dk\/index.php?rest_route=\/wp\/v2\/pages\/181\/revisions"}],"predecessor-version":[{"id":230,"href":"https:\/\/rollo.gruppesite.dk\/index.php?rest_route=\/wp\/v2\/pages\/181\/revisions\/230"}],"up":[{"embeddable":true,"href":"https:\/\/rollo.gruppesite.dk\/index.php?rest_route=\/wp\/v2\/pages\/49"}],"wp:attachment":[{"href":"https:\/\/rollo.gruppesite.dk\/index.php?rest_route=%2Fwp%2Fv2%2Fmedia&parent=181"}],"curies":[{"name":"wp","href":"https:\/\/api.w.org\/{rel}","templated":true}]}}