{"id":49,"date":"2015-01-03T22:07:27","date_gmt":"2015-01-03T22:07:27","guid":{"rendered":"http:\/\/xml.gruppesite.dk\/?page_id=49"},"modified":"2022-02-19T21:02:02","modified_gmt":"2022-02-19T21:02:02","slug":"om-os","status":"publish","type":"page","link":"https:\/\/rollo.gruppesite.dk\/?page_id=49","title":{"rendered":"Om Os"},"content":{"rendered":"\n<p><strong>Om KFUM-spejderne:<\/strong><\/p>\n\n\n<p>KFUM-Spejderne giver b\u00f8rn og unge mod til sammen at tage ansvar for en bedre verden.<br>Det g\u00f8r vi ved at udvikle v\u00e6rdifulde kompetencer og skabe meningsfulde f\u00e6llesskaber, som er attraktive for flere b\u00f8rn og unge.<br>Det betyder, at den enkelte spejder f\u00f8ler sig stolt over og anerkendt for at g\u00f8re en forskel.<br>Hos Rollo spejderne er alle vores ledere frivillige og ul\u00f8nnede. Vi er ikke-parti-politisk og byder alle velkomne uanset oprindelse, sociale vilk\u00e5r eller religion.<br>Vores form\u00e5l er at bidrage til, at b\u00f8rn og unge l\u00e6rer at blive selvst\u00e6ndige, f\u00e5r en demokratisk livsholdning, tager medansvar og realiserer deres fulde potentiale.<br>Spejderbev\u00e6gelsen er funderet p\u00e5 v\u00e6rdier, man ogs\u00e5 m\u00f8der i kristendommen, men vi er ikke en missionerende forening.<\/p>\n\n\n<p><\/p>\n","protected":false},"excerpt":{"rendered":"<p>Om KFUM-spejderne: KFUM-Spejderne giver b\u00f8rn og unge mod til sammen at tage ansvar for en bedre verden.Det g\u00f8r vi ved at udvikle v\u00e6rdifulde kompetencer og skabe meningsfulde f\u00e6llesskaber, som er attraktive for flere b\u00f8rn og unge.Det betyder, at den enkelte &hellip; <a href=\"https:\/\/rollo.gruppesite.dk\/?page_id=49\">L\u00e6s resten <span class=\"meta-nav\">&rarr;<\/span><\/a><\/p>\n","protected":false},"author":633,"featured_media":0,"parent":0,"menu_order":0,"comment_status":"closed","ping_status":"open","template":"","meta":{"ngg_post_thumbnail":0,"footnotes":""},"class_list":["post-49","page","type-page","status-publish","hentry"],"_links":{"self":[{"href":"https:\/\/rollo.gruppesite.dk\/index.php?rest_route=\/wp\/v2\/pages\/49","targetHints":{"allow":["GET"]}}],"collection":[{"href":"https:\/\/rollo.gruppesite.dk\/index.php?rest_route=\/wp\/v2\/pages"}],"about":[{"href":"https:\/\/rollo.gruppesite.dk\/index.php?rest_route=\/wp\/v2\/types\/page"}],"author":[{"embeddable":true,"href":"https:\/\/rollo.gruppesite.dk\/index.php?rest_route=\/wp\/v2\/users\/633"}],"replies":[{"embeddable":true,"href":"https:\/\/rollo.gruppesite.dk\/index.php?rest_route=%2Fwp%2Fv2%2Fcomments&post=49"}],"version-history":[{"count":2,"href":"https:\/\/rollo.gruppesite.dk\/index.php?rest_route=\/wp\/v2\/pages\/49\/revisions"}],"predecessor-version":[{"id":228,"href":"https:\/\/rollo.gruppesite.dk\/index.php?rest_route=\/wp\/v2\/pages\/49\/revisions\/228"}],"wp:attachment":[{"href":"https:\/\/rollo.gruppesite.dk\/index.php?rest_route=%2Fwp%2Fv2%2Fmedia&parent=49"}],"curies":[{"name":"wp","href":"https:\/\/api.w.org\/{rel}","templated":true}]}}