{"id":51,"date":"2015-01-03T22:08:15","date_gmt":"2015-01-03T22:08:15","guid":{"rendered":"http:\/\/xml.gruppesite.dk\/?page_id=51"},"modified":"2022-02-19T20:54:49","modified_gmt":"2022-02-19T20:54:49","slug":"praktisk","status":"publish","type":"page","link":"https:\/\/rollo.gruppesite.dk\/?page_id=51","title":{"rendered":"Praktisk info"},"content":{"rendered":"<p>&nbsp;<\/p>\n<ul>\n<li><strong>Pris:<\/strong> Det koster XXX kr. pr. kvartal at v\u00e6re medlem.<\/li>\n<li>Kontingentet d\u00e6kker materialer, leje af lokaler, m\u00e6rker til uniformen mm.<\/li>\n<li>Som medlem er du d\u00e6kket af KFUM-Spejdernes ulykkesforsikring n\u00e5r du er til spejder.<\/li>\n<li>Alle vores voksne ledere er frivillige og ul\u00f8nnede.<\/li>\n<li>Kontingentet opkr\u00e6ves kvartalsvis.<\/li>\n<li>Hvis dit barm gerne vil v\u00e6re spejder, men pengene sm\u00e5, kan du s\u00f8ge om at f\u00e5 en friplads: www.spejdernet.dk\/friplads<\/li>\n<\/ul>\n<p>&nbsp;<\/p>\n<ul>\n<li><strong>B\u00f8rneattester:<\/strong> Alle b\u00f8rne- og ungdomsorganisationer kan desv\u00e6rre komme i situationer, hvor nuv\u00e6rende eller tidligere medlemmer bliver anklaget for seksuelle kr\u00e6nkelser. Hos KFUM-Spejderne arbejder vi \u00e5bent og aktivt for at undg\u00e5 disse situationer, ved at screene vores frivillige ledere. S\u00e5ledes er det et krav, at alle ledere og medhj\u00e6lpende medlemmer over 15 \u00e5r afleverer b\u00f8rneattest fra Det Centrale Kriminalregister.<\/li>\n<\/ul>\n","protected":false},"excerpt":{"rendered":"<p>&nbsp; Pris: Det koster XXX kr. pr. kvartal at v\u00e6re medlem. Kontingentet d\u00e6kker materialer, leje af lokaler, m\u00e6rker til uniformen mm. Som medlem er du d\u00e6kket af KFUM-Spejdernes ulykkesforsikring n\u00e5r du er til spejder. Alle vores voksne ledere er frivillige &hellip; <a href=\"https:\/\/rollo.gruppesite.dk\/?page_id=51\">L\u00e6s resten <span class=\"meta-nav\">&rarr;<\/span><\/a><\/p>\n","protected":false},"author":633,"featured_media":0,"parent":0,"menu_order":0,"comment_status":"closed","ping_status":"open","template":"","meta":{"ngg_post_thumbnail":0,"footnotes":""},"class_list":["post-51","page","type-page","status-publish","hentry"],"_links":{"self":[{"href":"https:\/\/rollo.gruppesite.dk\/index.php?rest_route=\/wp\/v2\/pages\/51","targetHints":{"allow":["GET"]}}],"collection":[{"href":"https:\/\/rollo.gruppesite.dk\/index.php?rest_route=\/wp\/v2\/pages"}],"about":[{"href":"https:\/\/rollo.gruppesite.dk\/index.php?rest_route=\/wp\/v2\/types\/page"}],"author":[{"embeddable":true,"href":"https:\/\/rollo.gruppesite.dk\/index.php?rest_route=\/wp\/v2\/users\/633"}],"replies":[{"embeddable":true,"href":"https:\/\/rollo.gruppesite.dk\/index.php?rest_route=%2Fwp%2Fv2%2Fcomments&post=51"}],"version-history":[{"count":3,"href":"https:\/\/rollo.gruppesite.dk\/index.php?rest_route=\/wp\/v2\/pages\/51\/revisions"}],"predecessor-version":[{"id":224,"href":"https:\/\/rollo.gruppesite.dk\/index.php?rest_route=\/wp\/v2\/pages\/51\/revisions\/224"}],"wp:attachment":[{"href":"https:\/\/rollo.gruppesite.dk\/index.php?rest_route=%2Fwp%2Fv2%2Fmedia&parent=51"}],"curies":[{"name":"wp","href":"https:\/\/api.w.org\/{rel}","templated":true}]}}