{"id":62,"date":"2015-01-03T22:19:51","date_gmt":"2015-01-03T22:19:51","guid":{"rendered":"http:\/\/xml.gruppesite.dk\/?page_id=62"},"modified":"2022-02-19T20:43:21","modified_gmt":"2022-02-19T20:43:21","slug":"ulve","status":"publish","type":"page","link":"https:\/\/rollo.gruppesite.dk\/?page_id=62","title":{"rendered":"Ulve"},"content":{"rendered":"<div>Ulvene best\u00e5r af spejdere fra 2. klasse og 3. klasse.<\/div>\n<div>&nbsp;<\/div>\n<div>Arbejdet i ulveflokken er inspireret af Kiplings bog Junglebogen, hvor der blandt mange af junglens dyr er en flok ulve, der ledes af f\u00f8rerulvene Akela og Raksha.<\/div>\n<div>&nbsp;<\/div>\n<div>B\u00f8rnene er s\u00e5ledes ulveunger og de tildeles navne opkaldt efter junglens dyr.<\/div>\n<div>B\u00f8rnene i ulveflokken inddeles sm\u00e5 bander.<\/div>\n<div>I hver bande udn\u00e6vnes en ulv til at v\u00e6re bandeleder og en ulv til at v\u00e6re bandeassistent.<\/div>\n<div>&nbsp;<\/div>\n<div>Vi arbejder bl.a. med knob, koder, kort, kompas, f\u00f8rstehj\u00e6lp og dolk, s\u00e5 hvis det lige er<br \/>\nnoget du syntes er sjovt, s\u00e5 kom og v\u00e6r med om l\u00f8rdagen i ulige uger fra kl. 10 til 14 eller ring og h\u00f8r n\u00e6rmere hos en af lederne.<\/div>\n<div>&nbsp;<\/div>\n<div><a href=\"https:\/\/issuu.com\/kfum-spejderne\/docs\/150165_ulv_12_sider_k3\" target=\"_blank\" rel=\"noopener\">L\u00e6s vores Ulvefolder her<\/a><\/div>\n","protected":false},"excerpt":{"rendered":"<p>Ulvene best\u00e5r af spejdere fra 2. klasse og 3. klasse. &nbsp; Arbejdet i ulveflokken er inspireret af Kiplings bog Junglebogen, hvor der blandt mange af junglens dyr er en flok ulve, der ledes af f\u00f8rerulvene Akela og Raksha. &nbsp; B\u00f8rnene &hellip; <a href=\"https:\/\/rollo.gruppesite.dk\/?page_id=62\">L\u00e6s resten <span class=\"meta-nav\">&rarr;<\/span><\/a><\/p>\n","protected":false},"author":633,"featured_media":0,"parent":87,"menu_order":0,"comment_status":"closed","ping_status":"closed","template":"","meta":{"ngg_post_thumbnail":0,"footnotes":""},"class_list":["post-62","page","type-page","status-publish","hentry"],"_links":{"self":[{"href":"https:\/\/rollo.gruppesite.dk\/index.php?rest_route=\/wp\/v2\/pages\/62","targetHints":{"allow":["GET"]}}],"collection":[{"href":"https:\/\/rollo.gruppesite.dk\/index.php?rest_route=\/wp\/v2\/pages"}],"about":[{"href":"https:\/\/rollo.gruppesite.dk\/index.php?rest_route=\/wp\/v2\/types\/page"}],"author":[{"embeddable":true,"href":"https:\/\/rollo.gruppesite.dk\/index.php?rest_route=\/wp\/v2\/users\/633"}],"replies":[{"embeddable":true,"href":"https:\/\/rollo.gruppesite.dk\/index.php?rest_route=%2Fwp%2Fv2%2Fcomments&post=62"}],"version-history":[{"count":5,"href":"https:\/\/rollo.gruppesite.dk\/index.php?rest_route=\/wp\/v2\/pages\/62\/revisions"}],"predecessor-version":[{"id":217,"href":"https:\/\/rollo.gruppesite.dk\/index.php?rest_route=\/wp\/v2\/pages\/62\/revisions\/217"}],"up":[{"embeddable":true,"href":"https:\/\/rollo.gruppesite.dk\/index.php?rest_route=\/wp\/v2\/pages\/87"}],"wp:attachment":[{"href":"https:\/\/rollo.gruppesite.dk\/index.php?rest_route=%2Fwp%2Fv2%2Fmedia&parent=62"}],"curies":[{"name":"wp","href":"https:\/\/api.w.org\/{rel}","templated":true}]}}