{"id":64,"date":"2015-01-03T22:20:22","date_gmt":"2015-01-03T22:20:22","guid":{"rendered":"http:\/\/xml.gruppesite.dk\/?page_id=64"},"modified":"2022-02-19T20:50:18","modified_gmt":"2022-02-19T20:50:18","slug":"spejdertrop","status":"publish","type":"page","link":"https:\/\/rollo.gruppesite.dk\/?page_id=64","title":{"rendered":"Tropspejder"},"content":{"rendered":"<div>Tropspejderne er den \u00e6ldste b\u00f8rnespejder enhed hos Rollo og best\u00e5r af spejdere fra 4. kl. og op efter.<\/div>\n<div>Vores tropspejdere fungerer som leder af hver deres ulve og junior parulje, hvor alle tre enheder hj\u00e6lper hinanden til at skabe et godt og trykt f\u00e6lleskab.<\/div>\n<div>&nbsp;<\/div>\n<div>Et spejderm\u00f8de er b\u00e5de sjov og ballade og l\u00e6ring.<\/div>\n<div>Vi har om bla. om knob, koder, kort, kompas, f\u00f8rstehj\u00e6lp og meget mere.<\/div>\n<ul>\n<li><span class=\"contentnormal\">Spejderliv kan&nbsp;<em>beskrives<\/em>&nbsp;med ord, men kan kun&nbsp;<em>opleves<\/em>&nbsp;i virkeligheden<\/span><\/li>\n<li><span class=\"contentnormal\">Spejderliv foreg\u00e5r i t\u00e6t kontakt med naturen<\/span><\/li>\n<li><span class=\"contentnormal\">Spejderliv foreg\u00e5r i et n\u00e6rt f\u00e6llesskab med spejderkammeraterne<\/span><span class=\"contentnormal\"> &nbsp;<\/span><\/li>\n<\/ul>\n<p><strong>Praktisk: <\/strong><\/p>\n<p>Tropspejderne m\u00f8des hver l\u00f8rdag i ulige uger ved Rollo hytten sammen med ulveflokken og junior.<\/p>\n","protected":false},"excerpt":{"rendered":"<p>Tropspejderne er den \u00e6ldste b\u00f8rnespejder enhed hos Rollo og best\u00e5r af spejdere fra 4. kl. og op efter. Vores tropspejdere fungerer som leder af hver deres ulve og junior parulje, hvor alle tre enheder hj\u00e6lper hinanden til at skabe et &hellip; <a href=\"https:\/\/rollo.gruppesite.dk\/?page_id=64\">L\u00e6s resten <span class=\"meta-nav\">&rarr;<\/span><\/a><\/p>\n","protected":false},"author":633,"featured_media":0,"parent":87,"menu_order":0,"comment_status":"closed","ping_status":"closed","template":"","meta":{"ngg_post_thumbnail":0,"footnotes":""},"class_list":["post-64","page","type-page","status-publish","hentry"],"_links":{"self":[{"href":"https:\/\/rollo.gruppesite.dk\/index.php?rest_route=\/wp\/v2\/pages\/64","targetHints":{"allow":["GET"]}}],"collection":[{"href":"https:\/\/rollo.gruppesite.dk\/index.php?rest_route=\/wp\/v2\/pages"}],"about":[{"href":"https:\/\/rollo.gruppesite.dk\/index.php?rest_route=\/wp\/v2\/types\/page"}],"author":[{"embeddable":true,"href":"https:\/\/rollo.gruppesite.dk\/index.php?rest_route=\/wp\/v2\/users\/633"}],"replies":[{"embeddable":true,"href":"https:\/\/rollo.gruppesite.dk\/index.php?rest_route=%2Fwp%2Fv2%2Fcomments&post=64"}],"version-history":[{"count":6,"href":"https:\/\/rollo.gruppesite.dk\/index.php?rest_route=\/wp\/v2\/pages\/64\/revisions"}],"predecessor-version":[{"id":222,"href":"https:\/\/rollo.gruppesite.dk\/index.php?rest_route=\/wp\/v2\/pages\/64\/revisions\/222"}],"up":[{"embeddable":true,"href":"https:\/\/rollo.gruppesite.dk\/index.php?rest_route=\/wp\/v2\/pages\/87"}],"wp:attachment":[{"href":"https:\/\/rollo.gruppesite.dk\/index.php?rest_route=%2Fwp%2Fv2%2Fmedia&parent=64"}],"curies":[{"name":"wp","href":"https:\/\/api.w.org\/{rel}","templated":true}]}}