{"id":86,"date":"2014-10-14T15:44:53","date_gmt":"2014-10-14T15:44:53","guid":{"rendered":"http:\/\/xml.gruppesite.dk\/?page_id=34"},"modified":"2022-02-19T20:33:38","modified_gmt":"2022-02-19T20:33:38","slug":"forsiden","status":"publish","type":"page","link":"https:\/\/rollo.gruppesite.dk\/","title":{"rendered":"Velkommen til Rollospejderne"},"content":{"rendered":"<header>Som spejder hos os, f\u00e5r du venner for livet, udfordringer til b\u00e5de hoved og krop og s\u00e5 l\u00e6rer du at at klare dig selv i mange af livets situationer.At v\u00e6re spejder handler om at l\u00e6re at klare sig selv og arbejde med andre mennesker. Det handler derfor om at udvikle sig som et helt menneske, der er i stand til at g\u00f8re en positiv forskel i sit eget og andres liv.&nbsp;<\/p>\n<p>P\u00e5 den m\u00e5de adskiller spejder sig fra mange andre fritidsinteresser.<\/p>\n<p>Som spejder l\u00e6rer du at tage ansvar for din egen personlige udvikling, at vise respekt for andre mennesker og v\u00e6re ansvarlig over for naturen og det samfund, du er en del af.<\/p>\n<p><strong>Hos os&nbsp;f\u00e5r du:<\/strong><\/p>\n<ul>\n<li>Venner for livet<\/li>\n<li>Engagerede voksne, frivillige ledere<\/li>\n<li>Hj\u00e6lp til at l\u00e6re at klare dig selv<\/li>\n<li>Aktive naturoplevelser<\/li>\n<li>Sjove lejrture<\/li>\n<li>Udfordringer, der passer til dig<\/li>\n<\/ul>\n<\/header>\n<p>&nbsp;<\/p>\n","protected":false},"excerpt":{"rendered":"<p>Som spejder hos os, f\u00e5r du venner for livet, udfordringer til b\u00e5de hoved og krop og s\u00e5 l\u00e6rer du at at klare dig selv i mange af livets situationer.At v\u00e6re spejder handler om at l\u00e6re at klare sig selv og &hellip; <a href=\"https:\/\/rollo.gruppesite.dk\/\">L\u00e6s resten <span class=\"meta-nav\">&rarr;<\/span><\/a><\/p>\n","protected":false},"author":633,"featured_media":0,"parent":0,"menu_order":0,"comment_status":"closed","ping_status":"closed","template":"","meta":{"ngg_post_thumbnail":0,"footnotes":""},"class_list":["post-86","page","type-page","status-publish","hentry"],"_links":{"self":[{"href":"https:\/\/rollo.gruppesite.dk\/index.php?rest_route=\/wp\/v2\/pages\/86","targetHints":{"allow":["GET"]}}],"collection":[{"href":"https:\/\/rollo.gruppesite.dk\/index.php?rest_route=\/wp\/v2\/pages"}],"about":[{"href":"https:\/\/rollo.gruppesite.dk\/index.php?rest_route=\/wp\/v2\/types\/page"}],"author":[{"embeddable":true,"href":"https:\/\/rollo.gruppesite.dk\/index.php?rest_route=\/wp\/v2\/users\/633"}],"replies":[{"embeddable":true,"href":"https:\/\/rollo.gruppesite.dk\/index.php?rest_route=%2Fwp%2Fv2%2Fcomments&post=86"}],"version-history":[{"count":4,"href":"https:\/\/rollo.gruppesite.dk\/index.php?rest_route=\/wp\/v2\/pages\/86\/revisions"}],"predecessor-version":[{"id":208,"href":"https:\/\/rollo.gruppesite.dk\/index.php?rest_route=\/wp\/v2\/pages\/86\/revisions\/208"}],"wp:attachment":[{"href":"https:\/\/rollo.gruppesite.dk\/index.php?rest_route=%2Fwp%2Fv2%2Fmedia&parent=86"}],"curies":[{"name":"wp","href":"https:\/\/api.w.org\/{rel}","templated":true}]}}